{"id":1107,"date":"2022-04-27T13:16:13","date_gmt":"2022-04-27T12:16:13","guid":{"rendered":"https:\/\/tchillz.com\/?post_type=product&#038;p=1107"},"modified":"2022-05-01T21:23:54","modified_gmt":"2022-05-01T20:23:54","slug":"pack-decouverte","status":"publish","type":"product","link":"https:\/\/tchillz.com\/en_us\/product\/pack-decouverte\/","title":{"rendered":"Pack d\u00e9couverte"},"content":{"rendered":"<p>Ce pack d\u00e9couverte comprends 1 exemplaire de chaque jeu de notre boutique pour pouvoir d\u00e9couvrir notre offre. Livraison gratuite pour ce produit. CE PRODUIT EST R\u00c9SERV\u00c9 AUX PROFESSIONNELS.<\/p>","protected":false},"excerpt":{"rendered":"<p>Ce pack d\u00e9couverte comprends 1 exemplaire de chaque jeu de notre boutique pour pouvoir d\u00e9couvrir [&hellip;]<\/p>\n","protected":false},"featured_media":1110,"comment_status":"open","ping_status":"closed","template":"","meta":[],"product_brand":[],"product_cat":[32,33,34,21,19,15,39],"product_tag":[],"class_list":{"0":"post-1107","1":"product","2":"type-product","3":"status-publish","4":"has-post-thumbnail","6":"product_cat-4-6-ans","7":"product_cat-6-8-ans","8":"product_cat-8-10-ans","9":"product_cat-jouer-a-deux-ou-plus","10":"product_cat-jouer-tout-seul","11":"product_cat-non-classe","12":"product_cat-pack-decouverte","14":"first","15":"instock","16":"featured","17":"shipping-taxable","18":"purchasable","19":"product-type-simple"},"yoast_head":"<!-- This site is optimized with the Yoast SEO plugin v27.5 - https:\/\/yoast.com\/product\/yoast-seo-wordpress\/ -->\n<title>Pack d\u00e9couverte - Tchillz<\/title>\n<meta name=\"robots\" content=\"index, follow, max-snippet:-1, max-image-preview:large, max-video-preview:-1\" \/>\n<link rel=\"canonical\" href=\"https:\/\/tchillz.com\/en_us\/product\/pack-decouverte\/\" \/>\n<meta property=\"og:locale\" content=\"en_US\" \/>\n<meta property=\"og:type\" content=\"article\" \/>\n<meta property=\"og:title\" content=\"Pack d\u00e9couverte - Tchillz\" \/>\n<meta property=\"og:description\" content=\"Ce pack d\u00e9couverte comprends 1 exemplaire de chaque jeu de notre boutique pour pouvoir d\u00e9couvrir [&hellip;]\" \/>\n<meta property=\"og:url\" content=\"https:\/\/tchillz.com\/en_us\/product\/pack-decouverte\/\" \/>\n<meta property=\"og:site_name\" content=\"Tchillz\" \/>\n<meta property=\"article:modified_time\" content=\"2022-05-01T20:23:54+00:00\" \/>\n<meta property=\"og:image\" content=\"https:\/\/tchillz.com\/wp-content\/uploads\/2022\/04\/pack-de\u0301couverte.png\" \/>\n\t<meta property=\"og:image:width\" content=\"567\" \/>\n\t<meta property=\"og:image:height\" content=\"587\" \/>\n\t<meta property=\"og:image:type\" content=\"image\/png\" \/>\n<meta name=\"twitter:card\" content=\"summary_large_image\" \/>\n<meta name=\"twitter:site\" content=\"@Tchillz_db\" \/>\n<meta name=\"twitter:label1\" content=\"Est. reading time\" \/>\n\t<meta name=\"twitter:data1\" content=\"1 minute\" \/>\n<script type=\"application\/ld+json\" class=\"yoast-schema-graph\">{\"@context\":\"https:\\\/\\\/schema.org\",\"@graph\":[{\"@type\":\"WebPage\",\"@id\":\"https:\\\/\\\/tchillz.com\\\/produit\\\/pack-decouverte\\\/\",\"url\":\"https:\\\/\\\/tchillz.com\\\/produit\\\/pack-decouverte\\\/\",\"name\":\"Pack d\u00e9couverte - Tchillz\",\"isPartOf\":{\"@id\":\"https:\\\/\\\/tchillz.com\\\/#website\"},\"primaryImageOfPage\":{\"@id\":\"https:\\\/\\\/tchillz.com\\\/produit\\\/pack-decouverte\\\/#primaryimage\"},\"image\":{\"@id\":\"https:\\\/\\\/tchillz.com\\\/produit\\\/pack-decouverte\\\/#primaryimage\"},\"thumbnailUrl\":\"https:\\\/\\\/tchillz.com\\\/wp-content\\\/uploads\\\/2022\\\/04\\\/pack-de\u0301couverte.png\",\"datePublished\":\"2022-04-27T12:16:13+00:00\",\"dateModified\":\"2022-05-01T20:23:54+00:00\",\"breadcrumb\":{\"@id\":\"https:\\\/\\\/tchillz.com\\\/produit\\\/pack-decouverte\\\/#breadcrumb\"},\"inLanguage\":\"en-US\",\"potentialAction\":[{\"@type\":\"ReadAction\",\"target\":[\"https:\\\/\\\/tchillz.com\\\/produit\\\/pack-decouverte\\\/\"]}]},{\"@type\":\"ImageObject\",\"inLanguage\":\"en-US\",\"@id\":\"https:\\\/\\\/tchillz.com\\\/produit\\\/pack-decouverte\\\/#primaryimage\",\"url\":\"https:\\\/\\\/tchillz.com\\\/wp-content\\\/uploads\\\/2022\\\/04\\\/pack-de\u0301couverte.png\",\"contentUrl\":\"https:\\\/\\\/tchillz.com\\\/wp-content\\\/uploads\\\/2022\\\/04\\\/pack-de\u0301couverte.png\",\"width\":567,\"height\":587},{\"@type\":\"BreadcrumbList\",\"@id\":\"https:\\\/\\\/tchillz.com\\\/produit\\\/pack-decouverte\\\/#breadcrumb\",\"itemListElement\":[{\"@type\":\"ListItem\",\"position\":1,\"name\":\"Accueil\",\"item\":\"https:\\\/\\\/tchillz.com\\\/\"},{\"@type\":\"ListItem\",\"position\":2,\"name\":\"Pack d\u00e9couverte\"}]},{\"@type\":\"WebSite\",\"@id\":\"https:\\\/\\\/tchillz.com\\\/#website\",\"url\":\"https:\\\/\\\/tchillz.com\\\/\",\"name\":\"Tchillz\",\"description\":\"Don&#039;t Wait, Just Play !\",\"publisher\":{\"@id\":\"https:\\\/\\\/tchillz.com\\\/#organization\"},\"potentialAction\":[{\"@type\":\"SearchAction\",\"target\":{\"@type\":\"EntryPoint\",\"urlTemplate\":\"https:\\\/\\\/tchillz.com\\\/?s={search_term_string}\"},\"query-input\":{\"@type\":\"PropertyValueSpecification\",\"valueRequired\":true,\"valueName\":\"search_term_string\"}}],\"inLanguage\":\"en-US\"},{\"@type\":\"Organization\",\"@id\":\"https:\\\/\\\/tchillz.com\\\/#organization\",\"name\":\"Tchillz\",\"url\":\"https:\\\/\\\/tchillz.com\\\/\",\"logo\":{\"@type\":\"ImageObject\",\"inLanguage\":\"en-US\",\"@id\":\"https:\\\/\\\/tchillz.com\\\/#\\\/schema\\\/logo\\\/image\\\/\",\"url\":\"https:\\\/\\\/tchillz.com\\\/wp-content\\\/uploads\\\/2022\\\/01\\\/cropped-logo-base.png\",\"contentUrl\":\"https:\\\/\\\/tchillz.com\\\/wp-content\\\/uploads\\\/2022\\\/01\\\/cropped-logo-base.png\",\"width\":2999,\"height\":1109,\"caption\":\"Tchillz\"},\"image\":{\"@id\":\"https:\\\/\\\/tchillz.com\\\/#\\\/schema\\\/logo\\\/image\\\/\"},\"sameAs\":[\"https:\\\/\\\/x.com\\\/Tchillz_db\",\"https:\\\/\\\/instagram.com\\\/tchillz_\"]}]}<\/script>\n<!-- \/ Yoast SEO plugin. -->","yoast_head_json":{"title":"Pack d\u00e9couverte - Tchillz","robots":{"index":"index","follow":"follow","max-snippet":"max-snippet:-1","max-image-preview":"max-image-preview:large","max-video-preview":"max-video-preview:-1"},"canonical":"https:\/\/tchillz.com\/en_us\/product\/pack-decouverte\/","og_locale":"en_US","og_type":"article","og_title":"Pack d\u00e9couverte - Tchillz","og_description":"Ce pack d\u00e9couverte comprends 1 exemplaire de chaque jeu de notre boutique pour pouvoir d\u00e9couvrir [&hellip;]","og_url":"https:\/\/tchillz.com\/en_us\/product\/pack-decouverte\/","og_site_name":"Tchillz","article_modified_time":"2022-05-01T20:23:54+00:00","og_image":[{"width":567,"height":587,"url":"https:\/\/tchillz.com\/wp-content\/uploads\/2022\/04\/pack-de\u0301couverte.png","type":"image\/png"}],"twitter_card":"summary_large_image","twitter_site":"@Tchillz_db","twitter_misc":{"Est. reading time":"1 minute"},"schema":{"@context":"https:\/\/schema.org","@graph":[{"@type":"WebPage","@id":"https:\/\/tchillz.com\/produit\/pack-decouverte\/","url":"https:\/\/tchillz.com\/produit\/pack-decouverte\/","name":"Pack d\u00e9couverte - Tchillz","isPartOf":{"@id":"https:\/\/tchillz.com\/#website"},"primaryImageOfPage":{"@id":"https:\/\/tchillz.com\/produit\/pack-decouverte\/#primaryimage"},"image":{"@id":"https:\/\/tchillz.com\/produit\/pack-decouverte\/#primaryimage"},"thumbnailUrl":"https:\/\/tchillz.com\/wp-content\/uploads\/2022\/04\/pack-de\u0301couverte.png","datePublished":"2022-04-27T12:16:13+00:00","dateModified":"2022-05-01T20:23:54+00:00","breadcrumb":{"@id":"https:\/\/tchillz.com\/produit\/pack-decouverte\/#breadcrumb"},"inLanguage":"en-US","potentialAction":[{"@type":"ReadAction","target":["https:\/\/tchillz.com\/produit\/pack-decouverte\/"]}]},{"@type":"ImageObject","inLanguage":"en-US","@id":"https:\/\/tchillz.com\/produit\/pack-decouverte\/#primaryimage","url":"https:\/\/tchillz.com\/wp-content\/uploads\/2022\/04\/pack-de\u0301couverte.png","contentUrl":"https:\/\/tchillz.com\/wp-content\/uploads\/2022\/04\/pack-de\u0301couverte.png","width":567,"height":587},{"@type":"BreadcrumbList","@id":"https:\/\/tchillz.com\/produit\/pack-decouverte\/#breadcrumb","itemListElement":[{"@type":"ListItem","position":1,"name":"Accueil","item":"https:\/\/tchillz.com\/"},{"@type":"ListItem","position":2,"name":"Pack d\u00e9couverte"}]},{"@type":"WebSite","@id":"https:\/\/tchillz.com\/#website","url":"https:\/\/tchillz.com\/","name":"Tchillz","description":"Don&#039;t Wait, Just Play !","publisher":{"@id":"https:\/\/tchillz.com\/#organization"},"potentialAction":[{"@type":"SearchAction","target":{"@type":"EntryPoint","urlTemplate":"https:\/\/tchillz.com\/?s={search_term_string}"},"query-input":{"@type":"PropertyValueSpecification","valueRequired":true,"valueName":"search_term_string"}}],"inLanguage":"en-US"},{"@type":"Organization","@id":"https:\/\/tchillz.com\/#organization","name":"Tchillz","url":"https:\/\/tchillz.com\/","logo":{"@type":"ImageObject","inLanguage":"en-US","@id":"https:\/\/tchillz.com\/#\/schema\/logo\/image\/","url":"https:\/\/tchillz.com\/wp-content\/uploads\/2022\/01\/cropped-logo-base.png","contentUrl":"https:\/\/tchillz.com\/wp-content\/uploads\/2022\/01\/cropped-logo-base.png","width":2999,"height":1109,"caption":"Tchillz"},"image":{"@id":"https:\/\/tchillz.com\/#\/schema\/logo\/image\/"},"sameAs":["https:\/\/x.com\/Tchillz_db","https:\/\/instagram.com\/tchillz_"]}]}},"jetpack_sharing_enabled":true,"_links":{"self":[{"href":"https:\/\/tchillz.com\/en_us\/wp-json\/wp\/v2\/product\/1107","targetHints":{"allow":["GET"]}}],"collection":[{"href":"https:\/\/tchillz.com\/en_us\/wp-json\/wp\/v2\/product"}],"about":[{"href":"https:\/\/tchillz.com\/en_us\/wp-json\/wp\/v2\/types\/product"}],"replies":[{"embeddable":true,"href":"https:\/\/tchillz.com\/en_us\/wp-json\/wp\/v2\/comments?post=1107"}],"wp:featuredmedia":[{"embeddable":true,"href":"https:\/\/tchillz.com\/en_us\/wp-json\/wp\/v2\/media\/1110"}],"wp:attachment":[{"href":"https:\/\/tchillz.com\/en_us\/wp-json\/wp\/v2\/media?parent=1107"}],"wp:term":[{"taxonomy":"product_brand","embeddable":true,"href":"https:\/\/tchillz.com\/en_us\/wp-json\/wp\/v2\/product_brand?post=1107"},{"taxonomy":"product_cat","embeddable":true,"href":"https:\/\/tchillz.com\/en_us\/wp-json\/wp\/v2\/product_cat?post=1107"},{"taxonomy":"product_tag","embeddable":true,"href":"https:\/\/tchillz.com\/en_us\/wp-json\/wp\/v2\/product_tag?post=1107"}],"curies":[{"name":"wp","href":"https:\/\/api.w.org\/{rel}","templated":true}]}}